{"id":51,"date":"2021-03-21T20:52:06","date_gmt":"2021-03-21T19:52:06","guid":{"rendered":"https:\/\/oceanejougla.fr\/FlOcamino\/?page_id=51"},"modified":"2021-05-29T11:28:24","modified_gmt":"2021-05-29T09:28:24","slug":"rejoindre-le-fredoya","status":"publish","type":"page","link":"https:\/\/oceanejougla.fr\/FlOcamino\/rejoindre-le-fredoya\/","title":{"rendered":"Rejoindre le Fred\u00f8ya"},"content":{"rendered":"\n<p>Apr\u00e8s le <a href=\"https:\/\/oceanejougla.fr\/FlOcamino\/demenager-de-nanterre\/\" data-type=\"URL\" data-id=\"https:\/\/oceanejougla.fr\/FlOcamino\/demenager-de-nanterre\/\">d\u00e9m\u00e9nagement de Nanterre<\/a>, disons que ce sera la 2\u00e8me \u00e9tape. <\/p>\n\n\n\n<p>Les billets d&rsquo;avions sont pris, nous d\u00e9collons le 8 avril, si la Covid laisse faire, direction le Mexique et <a href=\"https:\/\/fredoya.com\/\" data-type=\"URL\" data-id=\"https:\/\/fredoya.com\/\" target=\"_blank\" rel=\"noreferrer noopener\">Fred\u00f8ya<\/a>. <\/p>\n\n\n\n<p>Le plan \u00e9tant d&rsquo;arriver \u00e0 Canc\u00fan, de profiter quelques semaines de la mer et puis faire la transat jusqu&rsquo;aux <a rel=\"noreferrer noopener\" href=\"https:\/\/www.facebook.com\/media\/set\/?vanity=OceaneJouglaPhotographe&amp;set=a.996031737086900\" data-type=\"URL\" data-id=\"https:\/\/www.facebook.com\/media\/set\/?vanity=OceaneJouglaPhotographe&amp;set=a.996031737086900\" target=\"_blank\">A\u00e7ores<\/a>. Ma destination top 3 je pense, heureuse de pouvoir y retourner. <\/p>\n\n\n<p>From <a href=\"https:\/\/www.facebook.com\/album.php?fbid=996031737086900&amp;id=994252450598162&amp;aid=1073741831\">Acores &#8211; Azores<\/a>. Posted by <a href=\"http:\/\/www.facebook.com\/profile.php?id=994252450598162\">Oc\u00e9ane Jougla Vid\u00e9aste&amp;Photographe<\/a> <\/p>\n<div class=\"gallery fpf-gallery\">\n<dl class=\"gallery-item\" style=\"width: 24.875%;\">\n<dt class=\"gallery-icon\"><a class=\"fbPhoto\" href=\"https:\/\/scontent-lhr8-1.xx.fbcdn.net\/v\/t1.0-9\/12066042_996031777086896_4657968791186597414_n.jpg?_nc_cat=100&amp;ccb=1-3&amp;_nc_sid=caaa8d&amp;_nc_ohc=Gm_VxS11uVwAX91QX-M&amp;_nc_ht=scontent-lhr8-1.xx&amp;oh=840a92ef1983ac346f0476a9412b918f&amp;oe=60842EA6\" rel=\"https:\/\/www.facebook.com\/album.php?fbid=996031737086900&amp;id=994252450598162&amp;aid=1073741831\" data-fancybox=\"gallery\"><img decoding=\"async\" src=\"https:\/\/scontent-lhr8-1.xx.fbcdn.net\/v\/t1.0-0\/s130x130\/12066042_996031777086896_4657968791186597414_n.jpg?_nc_cat=100&amp;ccb=1-3&amp;_nc_sid=e007fa&amp;_nc_ohc=Gm_VxS11uVwAX91QX-M&amp;_nc_ht=scontent-lhr8-1.xx&amp;tp=7&amp;oh=4f31efe7de91272fe040cff3edf52d33&amp;oe=60845DB9\" alt=\"\"><\/a><\/dt>\n<dd class=\"gallery-caption\"><\/dd>\n<\/dl>\n<dl class=\"gallery-item\" style=\"width: 24.875%;\">\n<dt class=\"gallery-icon\"><a class=\"fbPhoto\" href=\"https:\/\/scontent-lhr8-1.xx.fbcdn.net\/v\/t1.0-9\/12079596_996031790420228_6642117832004027426_n.jpg?_nc_cat=100&amp;ccb=1-3&amp;_nc_sid=caaa8d&amp;_nc_ohc=VIkkSdWuIMMAX-TSfNy&amp;_nc_ht=scontent-lhr8-1.xx&amp;oh=800ffe4c1c87fd416dfbe9e02460efa4&amp;oe=60830426\" rel=\"https:\/\/www.facebook.com\/album.php?fbid=996031737086900&amp;id=994252450598162&amp;aid=1073741831\" data-fancybox=\"gallery\"><img decoding=\"async\" src=\"https:\/\/scontent-lhr8-1.xx.fbcdn.net\/v\/t1.0-0\/s130x130\/12079596_996031790420228_6642117832004027426_n.jpg?_nc_cat=100&amp;ccb=1-3&amp;_nc_sid=e007fa&amp;_nc_ohc=VIkkSdWuIMMAX-TSfNy&amp;_nc_ht=scontent-lhr8-1.xx&amp;tp=7&amp;oh=de3b580f9d90c0a451f3337f3bf12bcb&amp;oe=60844DB9\" alt=\"\"><\/a><\/dt>\n<dd class=\"gallery-caption\"><\/dd>\n<\/dl>\n<dl class=\"gallery-item\" style=\"width: 24.875%;\">\n<dt class=\"gallery-icon\"><a class=\"fbPhoto\" href=\"https:\/\/scontent-lhr8-1.xx.fbcdn.net\/v\/t1.0-9\/12096559_996031797086894_7990194842841962286_n.jpg?_nc_cat=110&amp;ccb=1-3&amp;_nc_sid=caaa8d&amp;_nc_ohc=L3SerFgKcosAX-Sod-w&amp;_nc_ht=scontent-lhr8-1.xx&amp;oh=a01f7419103025a8c1eeeedafd42405c&amp;oe=60841F40\" rel=\"https:\/\/www.facebook.com\/album.php?fbid=996031737086900&amp;id=994252450598162&amp;aid=1073741831\" data-fancybox=\"gallery\"><img decoding=\"async\" src=\"https:\/\/scontent-lhr8-1.xx.fbcdn.net\/v\/t1.0-0\/s130x130\/12096559_996031797086894_7990194842841962286_n.jpg?_nc_cat=110&amp;ccb=1-3&amp;_nc_sid=e007fa&amp;_nc_ohc=L3SerFgKcosAX-Sod-w&amp;_nc_ht=scontent-lhr8-1.xx&amp;tp=7&amp;oh=c5bb828ed24af040e95ed992b7e36464&amp;oe=6082F9A3\" alt=\"\"><\/a><\/dt>\n<dd class=\"gallery-caption\"><\/dd>\n<\/dl>\n<dl class=\"gallery-item\" style=\"width: 24.875%;\">\n<dt class=\"gallery-icon\"><a class=\"fbPhoto\" href=\"https:\/\/scontent-lhr8-1.xx.fbcdn.net\/v\/t1.0-9\/12096385_996031903753550_1829027824743934717_n.jpg?_nc_cat=110&amp;ccb=1-3&amp;_nc_sid=caaa8d&amp;_nc_ohc=ulcIriSuFFgAX9ojBAA&amp;_nc_ht=scontent-lhr8-1.xx&amp;oh=6c0a6d64e3a582e84cd4d00770bdbc52&amp;oe=6081F5B2\" rel=\"https:\/\/www.facebook.com\/album.php?fbid=996031737086900&amp;id=994252450598162&amp;aid=1073741831\" data-fancybox=\"gallery\"><img decoding=\"async\" src=\"https:\/\/scontent-lhr8-1.xx.fbcdn.net\/v\/t1.0-0\/s130x130\/12096385_996031903753550_1829027824743934717_n.jpg?_nc_cat=110&amp;ccb=1-3&amp;_nc_sid=e007fa&amp;_nc_ohc=ulcIriSuFFgAX9ojBAA&amp;_nc_ht=scontent-lhr8-1.xx&amp;tp=7&amp;oh=0a0cb573ef2f9d3f09157cf2847a7898&amp;oe=60839AAD\" alt=\"\"><\/a><\/dt>\n<dd class=\"gallery-caption\"><\/dd>\n<\/dl>\n<p>&nbsp;<\/p>\n<dl class=\"gallery-item\" style=\"width: 24.875%;\">\n<dt class=\"gallery-icon\"><a class=\"fbPhoto\" href=\"https:\/\/scontent-lht6-1.xx.fbcdn.net\/v\/t1.0-9\/12065626_996031960420211_4985962841249293342_n.jpg?_nc_cat=111&amp;ccb=1-3&amp;_nc_sid=caaa8d&amp;_nc_ohc=e3IaJDiUd-8AX9DD3ks&amp;_nc_ht=scontent-lht6-1.xx&amp;oh=86f8abb9ada9e5bb895b0d59276018b0&amp;oe=608517D4\" rel=\"https:\/\/www.facebook.com\/album.php?fbid=996031737086900&amp;id=994252450598162&amp;aid=1073741831\" data-fancybox=\"gallery\"><img decoding=\"async\" src=\"https:\/\/scontent-lht6-1.xx.fbcdn.net\/v\/t1.0-0\/s130x130\/12065626_996031960420211_4985962841249293342_n.jpg?_nc_cat=111&amp;ccb=1-3&amp;_nc_sid=e007fa&amp;_nc_ohc=e3IaJDiUd-8AX9DD3ks&amp;_nc_ht=scontent-lht6-1.xx&amp;tp=7&amp;oh=d7741e925adad2728b42514ceec6a682&amp;oe=6081BB4F\" alt=\"\"><\/a><\/dt>\n<dd class=\"gallery-caption\"><\/dd>\n<\/dl>\n<dl class=\"gallery-item\" style=\"width: 24.875%;\">\n<dt class=\"gallery-icon\"><a class=\"fbPhoto\" href=\"https:\/\/scontent-lht6-1.xx.fbcdn.net\/v\/t1.0-9\/12106743_996031950420212_2334998853199055924_n.jpg?_nc_cat=103&amp;ccb=1-3&amp;_nc_sid=caaa8d&amp;_nc_ohc=hGQIeAI9Dg4AX8NyqXR&amp;_nc_ht=scontent-lht6-1.xx&amp;oh=d8c5294ef5cc8ff60839752c85c9eb8c&amp;oe=60839ACE\" rel=\"https:\/\/www.facebook.com\/album.php?fbid=996031737086900&amp;id=994252450598162&amp;aid=1073741831\" data-fancybox=\"gallery\"><img decoding=\"async\" src=\"https:\/\/scontent-lht6-1.xx.fbcdn.net\/v\/t1.0-0\/s130x130\/12106743_996031950420212_2334998853199055924_n.jpg?_nc_cat=103&amp;ccb=1-3&amp;_nc_sid=e007fa&amp;_nc_ohc=hGQIeAI9Dg4AX8NyqXR&amp;_nc_ht=scontent-lht6-1.xx&amp;tp=7&amp;oh=dd2b130ca5dc08924cbece762ac93f2c&amp;oe=6082D2D1\" alt=\"\"><\/a><\/dt>\n<dd class=\"gallery-caption\"><\/dd>\n<\/dl>\n<dl class=\"gallery-item\" style=\"width: 24.875%;\">\n<dt class=\"gallery-icon\"><a class=\"fbPhoto\" href=\"https:\/\/scontent-lhr8-2.xx.fbcdn.net\/v\/t1.0-9\/12144831_996031987086875_7846557189571147617_n.jpg?_nc_cat=102&amp;ccb=1-3&amp;_nc_sid=caaa8d&amp;_nc_ohc=uAlNuVV-Y2cAX-DYsLa&amp;_nc_ht=scontent-lhr8-2.xx&amp;oh=3e2db8dccf6262dd7fecdc8fd9e22089&amp;oe=608470B7\" rel=\"https:\/\/www.facebook.com\/album.php?fbid=996031737086900&amp;id=994252450598162&amp;aid=1073741831\" data-fancybox=\"gallery\"><img decoding=\"async\" src=\"https:\/\/scontent-lhr8-2.xx.fbcdn.net\/v\/t1.0-0\/s130x130\/12144831_996031987086875_7846557189571147617_n.jpg?_nc_cat=102&amp;ccb=1-3&amp;_nc_sid=e007fa&amp;_nc_ohc=uAlNuVV-Y2cAX-DYsLa&amp;_nc_ht=scontent-lhr8-2.xx&amp;tp=7&amp;oh=7bda1c6337a135b018afce72ec51abfb&amp;oe=6082AE2C\" alt=\"\"><\/a><\/dt>\n<dd class=\"gallery-caption\"><\/dd>\n<\/dl>\n<dl class=\"gallery-item\" style=\"width: 24.875%;\">\n<dt class=\"gallery-icon\"><a class=\"fbPhoto\" href=\"https:\/\/scontent-lhr8-2.xx.fbcdn.net\/v\/t1.0-9\/12108283_996032057086868_3894048470399501543_n.jpg?_nc_cat=104&amp;ccb=1-3&amp;_nc_sid=caaa8d&amp;_nc_ohc=5ZVfZ8VRAY8AX-lbSt_&amp;_nc_ht=scontent-lhr8-2.xx&amp;oh=001a0eab9cde9059108ab2e1152386c9&amp;oe=6082F679\" rel=\"https:\/\/www.facebook.com\/album.php?fbid=996031737086900&amp;id=994252450598162&amp;aid=1073741831\" data-fancybox=\"gallery\"><img decoding=\"async\" src=\"https:\/\/scontent-lhr8-2.xx.fbcdn.net\/v\/t1.0-0\/s130x130\/12108283_996032057086868_3894048470399501543_n.jpg?_nc_cat=104&amp;ccb=1-3&amp;_nc_sid=e007fa&amp;_nc_ohc=5ZVfZ8VRAY8AX-lbSt_&amp;_nc_ht=scontent-lhr8-2.xx&amp;tp=7&amp;oh=402d6d1b159b9038d0f4c44c21b0139a&amp;oe=60824E66\" alt=\"\"><\/a><\/dt>\n<dd class=\"gallery-caption\"><\/dd>\n<\/dl>\n<p>&nbsp;<\/p>\n<dl class=\"gallery-item\" style=\"width: 24.875%;\">\n<dt class=\"gallery-icon\"><a class=\"fbPhoto\" href=\"https:\/\/scontent-lhr8-1.xx.fbcdn.net\/v\/t1.0-9\/12112369_996032077086866_2540008085749756267_n.jpg?_nc_cat=107&amp;ccb=1-3&amp;_nc_sid=caaa8d&amp;_nc_ohc=XAK8voNpArwAX_dLc7Z&amp;_nc_ht=scontent-lhr8-1.xx&amp;oh=19836a04612c9fdd736c5a752a999d2f&amp;oe=6083BD33\" rel=\"https:\/\/www.facebook.com\/album.php?fbid=996031737086900&amp;id=994252450598162&amp;aid=1073741831\" data-fancybox=\"gallery\"><img decoding=\"async\" src=\"https:\/\/scontent-lhr8-1.xx.fbcdn.net\/v\/t1.0-0\/s130x130\/12112369_996032077086866_2540008085749756267_n.jpg?_nc_cat=107&amp;ccb=1-3&amp;_nc_sid=e007fa&amp;_nc_ohc=XAK8voNpArwAX_dLc7Z&amp;_nc_ht=scontent-lhr8-1.xx&amp;tp=7&amp;oh=7cd1c2133c85287cc349772cbadd71db&amp;oe=60847730\" alt=\"\"><\/a><\/dt>\n<dd class=\"gallery-caption\"><\/dd>\n<\/dl>\n<dl class=\"gallery-item\" style=\"width: 24.875%;\">\n<dt class=\"gallery-icon\"><a class=\"fbPhoto\" href=\"https:\/\/scontent-lht6-1.xx.fbcdn.net\/v\/t1.0-9\/12106792_996032103753530_1598910400825171771_n.jpg?_nc_cat=111&amp;ccb=1-3&amp;_nc_sid=caaa8d&amp;_nc_ohc=LsTcfgquh0cAX9Px8uN&amp;_nc_ht=scontent-lht6-1.xx&amp;oh=9a644e63a1d347df9ee71bf3790e05da&amp;oe=60836CEC\" rel=\"https:\/\/www.facebook.com\/album.php?fbid=996031737086900&amp;id=994252450598162&amp;aid=1073741831\" data-fancybox=\"gallery\"><img decoding=\"async\" src=\"https:\/\/scontent-lht6-1.xx.fbcdn.net\/v\/t1.0-0\/s130x130\/12106792_996032103753530_1598910400825171771_n.jpg?_nc_cat=111&amp;ccb=1-3&amp;_nc_sid=e007fa&amp;_nc_ohc=LsTcfgquh0cAX9Px8uN&amp;_nc_ht=scontent-lht6-1.xx&amp;tp=7&amp;oh=5ccd4e0a84c42c2274d3e5f5138bc354&amp;oe=6083B0F7\" alt=\"\"><\/a><\/dt>\n<dd class=\"gallery-caption\"><\/dd>\n<\/dl>\n<dl class=\"gallery-item\" style=\"width: 24.875%;\">\n<dt class=\"gallery-icon\"><a class=\"fbPhoto\" href=\"https:\/\/scontent-lhr8-1.xx.fbcdn.net\/v\/t1.0-9\/12112103_996032193753521_7213294823955826564_n.jpg?_nc_cat=109&amp;ccb=1-3&amp;_nc_sid=caaa8d&amp;_nc_ohc=nA6RbpCUjSgAX891klH&amp;_nc_ht=scontent-lhr8-1.xx&amp;oh=284bcc07fd26880d015cdfbe19d29c4a&amp;oe=6082888B\" rel=\"https:\/\/www.facebook.com\/album.php?fbid=996031737086900&amp;id=994252450598162&amp;aid=1073741831\" data-fancybox=\"gallery\"><img decoding=\"async\" src=\"https:\/\/scontent-lhr8-1.xx.fbcdn.net\/v\/t1.0-0\/s130x130\/12112103_996032193753521_7213294823955826564_n.jpg?_nc_cat=109&amp;ccb=1-3&amp;_nc_sid=e007fa&amp;_nc_ohc=nA6RbpCUjSgAX891klH&amp;_nc_ht=scontent-lhr8-1.xx&amp;tp=7&amp;oh=29e8bd0592afcaf2b95a5b918e94ff3f&amp;oe=60850498\" alt=\"\"><\/a><\/dt>\n<dd class=\"gallery-caption\"><\/dd>\n<\/dl>\n<dl class=\"gallery-item\" style=\"width: 24.875%;\">\n<dt class=\"gallery-icon\"><a class=\"fbPhoto\" href=\"https:\/\/scontent-lht6-1.xx.fbcdn.net\/v\/t1.0-9\/12118755_996032220420185_5764144531847653111_n.jpg?_nc_cat=103&amp;ccb=1-3&amp;_nc_sid=caaa8d&amp;_nc_ohc=Vj8cnl5uohsAX-FTrG1&amp;_nc_ht=scontent-lht6-1.xx&amp;oh=cfcddbd030b88b0bf419fef82edd6682&amp;oe=6082A12D\" rel=\"https:\/\/www.facebook.com\/album.php?fbid=996031737086900&amp;id=994252450598162&amp;aid=1073741831\" data-fancybox=\"gallery\"><img decoding=\"async\" src=\"https:\/\/scontent-lht6-1.xx.fbcdn.net\/v\/t1.0-0\/s130x130\/12118755_996032220420185_5764144531847653111_n.jpg?_nc_cat=103&amp;ccb=1-3&amp;_nc_sid=e007fa&amp;_nc_ohc=Vj8cnl5uohsAX-FTrG1&amp;_nc_ht=scontent-lht6-1.xx&amp;tp=7&amp;oh=ecef237b40bec473514586e0cbfe9796&amp;oe=6084FDB2\" alt=\"\"><\/a><\/dt>\n<dd class=\"gallery-caption\"><\/dd>\n<\/dl>\n<p>&nbsp;<\/p>\n<dl class=\"gallery-item\" style=\"width: 24.875%;\">\n<dt class=\"gallery-icon\"><a class=\"fbPhoto\" href=\"https:\/\/scontent-lhr8-2.xx.fbcdn.net\/v\/t1.0-9\/12072652_996032230420184_5004641695947061334_n.jpg?_nc_cat=105&amp;ccb=1-3&amp;_nc_sid=caaa8d&amp;_nc_ohc=wT9hmZba3aoAX_t66IG&amp;_nc_ht=scontent-lhr8-2.xx&amp;oh=6c5ad8fbff14fa9e4cffe8e6c7ac2345&amp;oe=6084E3F4\" rel=\"https:\/\/www.facebook.com\/album.php?fbid=996031737086900&amp;id=994252450598162&amp;aid=1073741831\" data-fancybox=\"gallery\"><img decoding=\"async\" src=\"https:\/\/scontent-lhr8-2.xx.fbcdn.net\/v\/t1.0-0\/s130x130\/12072652_996032230420184_5004641695947061334_n.jpg?_nc_cat=105&amp;ccb=1-3&amp;_nc_sid=e007fa&amp;_nc_ohc=wT9hmZba3aoAX_t66IG&amp;_nc_ht=scontent-lhr8-2.xx&amp;tp=7&amp;oh=b6a7cb6dd9d3b71e7365d29183f43f94&amp;oe=6082406F\" alt=\"\"><\/a><\/dt>\n<dd class=\"gallery-caption\"><\/dd>\n<\/dl>\n<dl class=\"gallery-item\" style=\"width: 24.875%;\">\n<dt class=\"gallery-icon\"><a class=\"fbPhoto\" href=\"https:\/\/scontent-lhr8-1.xx.fbcdn.net\/v\/t1.0-9\/12079693_996032267086847_4934986208490536300_n.jpg?_nc_cat=108&amp;ccb=1-3&amp;_nc_sid=caaa8d&amp;_nc_ohc=JsghVojOAt8AX_5GPz8&amp;_nc_ht=scontent-lhr8-1.xx&amp;oh=572b1abf755ca85cda9aa6ce7c239198&amp;oe=60831BD3\" rel=\"https:\/\/www.facebook.com\/album.php?fbid=996031737086900&amp;id=994252450598162&amp;aid=1073741831\" data-fancybox=\"gallery\"><img decoding=\"async\" src=\"https:\/\/scontent-lhr8-1.xx.fbcdn.net\/v\/t1.0-0\/s130x130\/12079693_996032267086847_4934986208490536300_n.jpg?_nc_cat=108&amp;ccb=1-3&amp;_nc_sid=e007fa&amp;_nc_ohc=JsghVojOAt8AX_5GPz8&amp;_nc_ht=scontent-lhr8-1.xx&amp;tp=7&amp;oh=510feee93d8e6fe872ea10b03e0c29e8&amp;oe=60840AD0\" alt=\"\"><\/a><\/dt>\n<dd class=\"gallery-caption\"><\/dd>\n<\/dl>\n<dl class=\"gallery-item\" style=\"width: 24.875%;\">\n<dt class=\"gallery-icon\"><a class=\"fbPhoto\" href=\"https:\/\/scontent-lhr8-1.xx.fbcdn.net\/v\/t1.0-9\/165068910_3978227948867249_5020566125407008081_o.jpg?_nc_cat=107&amp;ccb=1-3&amp;_nc_sid=caaa8d&amp;_nc_ohc=c_LT7JN05_oAX9wixWY&amp;_nc_ht=scontent-lhr8-1.xx&amp;oh=89c5c8b73e0c6a4c04dc86a8c7ac08b6&amp;oe=60849F6C\" rel=\"https:\/\/www.facebook.com\/album.php?fbid=996031737086900&amp;id=994252450598162&amp;aid=1073741831\" data-fancybox=\"gallery\" data-caption=\"*chut* \ud83e\udd2b\ud83e\udd10 \"><img decoding=\"async\" src=\"https:\/\/scontent-lhr8-1.xx.fbcdn.net\/v\/t1.0-0\/s130x130\/165068910_3978227948867249_5020566125407008081_o.jpg?_nc_cat=107&amp;ccb=1-3&amp;_nc_sid=0be424&amp;_nc_ohc=c_LT7JN05_oAX9wixWY&amp;_nc_ht=scontent-lhr8-1.xx&amp;tp=7&amp;oh=526887cb4377dbb5205b58a26b67e5fc&amp;oe=60837A8E\" alt=\"\"><\/a><\/dt>\n<dd class=\"gallery-caption\">*chut* \ud83e\udd2b\ud83e\udd10<\/dd>\n<\/dl>\n<p>&nbsp;<\/p>\n<\/div>\n<p><span class=\"fpfcredit\">Generated by <i>Facebook Photo Fetcher 2<\/i><\/span><br><!-- End Album 996031737086900 --><br><!--\/FBGallery2--><\/p>","protected":false},"excerpt":{"rendered":"<p>Apr\u00e8s le d\u00e9m\u00e9nagement de Nanterre, disons que ce sera la 2\u00e8me \u00e9tape. Les billets d&rsquo;avions sont pris, nous d\u00e9collons le 8 avril, si la Covid laisse faire, direction le Mexique et Fred\u00f8ya. Le plan \u00e9tant d&rsquo;arriver \u00e0 Canc\u00fan, de profiter <a class=\"more-link\" href=\"https:\/\/oceanejougla.fr\/FlOcamino\/rejoindre-le-fredoya\/\">Lire plus\u00a0\u2026<\/a><\/p>\n","protected":false},"author":1,"featured_media":407,"parent":0,"menu_order":0,"comment_status":"closed","ping_status":"closed","template":"","meta":{"ngg_post_thumbnail":0,"_price":"","_stock":"","_tribe_ticket_header":"","_tribe_default_ticket_provider":"","_tribe_ticket_capacity":"0","_ticket_start_date":"","_ticket_end_date":"","_tribe_ticket_show_description":"","_tribe_ticket_show_not_going":false,"_tribe_ticket_use_global_stock":"","_tribe_ticket_global_stock_level":"","_global_stock_mode":"","_global_stock_cap":"","_tribe_rsvp_for_event":"","_tribe_ticket_going_count":"","_tribe_ticket_not_going_count":"","_tribe_tickets_list":[],"_tribe_ticket_has_attendee_info_fields":false,"_EventAllDay":false,"_EventTimezone":"","_EventStartDate":"","_EventEndDate":"","_EventStartDateUTC":"","_EventEndDateUTC":"","_EventShowMap":false,"_EventShowMapLink":false,"_EventURL":"","_EventCost":"","_EventCostDescription":"","_EventCurrencySymbol":"","_EventCurrencyCode":"","_EventCurrencyPosition":"","_EventDateTimeSeparator":"","_EventTimeRangeSeparator":"","_EventOrganizerID":[],"_EventVenueID":[],"_OrganizerEmail":"","_OrganizerPhone":"","_OrganizerWebsite":"","_VenueAddress":"","_VenueCity":"","_VenueCountry":"","_VenueProvince":"","_VenueState":"","_VenueZip":"","_VenuePhone":"","_VenueURL":"","_VenueStateProvince":"","_VenueLat":"","_VenueLng":"","_VenueShowMap":false,"_VenueShowMapLink":false,"footnotes":""},"class_list":["post-51","page","type-page","status-publish","has-post-thumbnail","hentry"],"ticketed":false,"_links":{"self":[{"href":"https:\/\/oceanejougla.fr\/FlOcamino\/wp-json\/wp\/v2\/pages\/51","targetHints":{"allow":["GET"]}}],"collection":[{"href":"https:\/\/oceanejougla.fr\/FlOcamino\/wp-json\/wp\/v2\/pages"}],"about":[{"href":"https:\/\/oceanejougla.fr\/FlOcamino\/wp-json\/wp\/v2\/types\/page"}],"author":[{"embeddable":true,"href":"https:\/\/oceanejougla.fr\/FlOcamino\/wp-json\/wp\/v2\/users\/1"}],"replies":[{"embeddable":true,"href":"https:\/\/oceanejougla.fr\/FlOcamino\/wp-json\/wp\/v2\/comments?post=51"}],"version-history":[{"count":26,"href":"https:\/\/oceanejougla.fr\/FlOcamino\/wp-json\/wp\/v2\/pages\/51\/revisions"}],"predecessor-version":[{"id":243,"href":"https:\/\/oceanejougla.fr\/FlOcamino\/wp-json\/wp\/v2\/pages\/51\/revisions\/243"}],"wp:featuredmedia":[{"embeddable":true,"href":"https:\/\/oceanejougla.fr\/FlOcamino\/wp-json\/wp\/v2\/media\/407"}],"wp:attachment":[{"href":"https:\/\/oceanejougla.fr\/FlOcamino\/wp-json\/wp\/v2\/media?parent=51"}],"curies":[{"name":"wp","href":"https:\/\/api.w.org\/{rel}","templated":true}]}}