{"id":50,"date":"2021-03-21T20:52:07","date_gmt":"2021-03-21T19:52:07","guid":{"rendered":"https:\/\/oceanejougla.fr\/FlOcamino\/?page_id=50"},"modified":"2021-08-24T19:37:08","modified_gmt":"2021-08-24T17:37:08","slug":"tempsdecesure","status":"publish","type":"page","link":"https:\/\/oceanejougla.fr\/FlOcamino\/tempsdecesure\/","title":{"rendered":"Un temps de c\u00e9sure"},"content":{"rendered":"\n<p>Pourquoi ? O\u00f9 ? Quand ? Comment<\/p>\n\n\n\n<figure class=\"wp-block-pullquote\"><blockquote><p>\u201c L&rsquo;aventure c&rsquo;est le tr\u00e9sor que l&rsquo;on d\u00e9couvre \u00e0 chaque matin. <strong>\u201c<\/strong><\/p><cite>Jacques Brel<\/cite><\/blockquote><\/figure>\n\n\n\n<p>Pour plus de d\u00e9tails tu peux jeter un \u0153il \u00e0 <a href=\"https:\/\/oceanejougla.fr\/FlOcamino\/bienvenue\/\" data-type=\"URL\" data-id=\"https:\/\/oceanejougla.fr\/FlOcamino\/bienvenue\/\">l&rsquo;article de bienvenue.<\/a><\/p>\n\n\n\n<p>Nous viendrons faire un r\u00e9sum\u00e9 des tr\u00e9sors trouv\u00e9s. <\/p>\n\n\n\n<p>Stay focus<\/p>\n\n\n\n<p><\/p>\n\n\n\n<p><\/p>\n","protected":false},"excerpt":{"rendered":"<p>Pourquoi ? O\u00f9 ? Quand ? Comment \u201c L&rsquo;aventure c&rsquo;est le tr\u00e9sor que l&rsquo;on d\u00e9couvre \u00e0 chaque matin. \u201c Jacques Brel Pour plus de d\u00e9tails tu peux jeter un \u0153il \u00e0 l&rsquo;article de bienvenue. Nous viendrons faire un r\u00e9sum\u00e9 des <a class=\"more-link\" href=\"https:\/\/oceanejougla.fr\/FlOcamino\/tempsdecesure\/\">Lire plus\u00a0\u2026<\/a><\/p>\n","protected":false},"author":1,"featured_media":406,"parent":0,"menu_order":0,"comment_status":"closed","ping_status":"closed","template":"","meta":{"ngg_post_thumbnail":0,"_price":"","_stock":"","_tribe_ticket_header":"","_tribe_default_ticket_provider":"","_tribe_ticket_capacity":"0","_ticket_start_date":"","_ticket_end_date":"","_tribe_ticket_show_description":"","_tribe_ticket_show_not_going":false,"_tribe_ticket_use_global_stock":"","_tribe_ticket_global_stock_level":"","_global_stock_mode":"","_global_stock_cap":"","_tribe_rsvp_for_event":"","_tribe_ticket_going_count":"","_tribe_ticket_not_going_count":"","_tribe_tickets_list":[],"_tribe_ticket_has_attendee_info_fields":false,"_EventAllDay":false,"_EventTimezone":"","_EventStartDate":"","_EventEndDate":"","_EventStartDateUTC":"","_EventEndDateUTC":"","_EventShowMap":false,"_EventShowMapLink":false,"_EventURL":"","_EventCost":"","_EventCostDescription":"","_EventCurrencySymbol":"","_EventCurrencyCode":"","_EventCurrencyPosition":"","_EventDateTimeSeparator":"","_EventTimeRangeSeparator":"","_EventOrganizerID":[],"_EventVenueID":[],"_OrganizerEmail":"","_OrganizerPhone":"","_OrganizerWebsite":"","_VenueAddress":"","_VenueCity":"","_VenueCountry":"","_VenueProvince":"","_VenueState":"","_VenueZip":"","_VenuePhone":"","_VenueURL":"","_VenueStateProvince":"","_VenueLat":"","_VenueLng":"","_VenueShowMap":false,"_VenueShowMapLink":false,"footnotes":""},"class_list":["post-50","page","type-page","status-publish","has-post-thumbnail","hentry"],"ticketed":false,"_links":{"self":[{"href":"https:\/\/oceanejougla.fr\/FlOcamino\/wp-json\/wp\/v2\/pages\/50","targetHints":{"allow":["GET"]}}],"collection":[{"href":"https:\/\/oceanejougla.fr\/FlOcamino\/wp-json\/wp\/v2\/pages"}],"about":[{"href":"https:\/\/oceanejougla.fr\/FlOcamino\/wp-json\/wp\/v2\/types\/page"}],"author":[{"embeddable":true,"href":"https:\/\/oceanejougla.fr\/FlOcamino\/wp-json\/wp\/v2\/users\/1"}],"replies":[{"embeddable":true,"href":"https:\/\/oceanejougla.fr\/FlOcamino\/wp-json\/wp\/v2\/comments?post=50"}],"version-history":[{"count":8,"href":"https:\/\/oceanejougla.fr\/FlOcamino\/wp-json\/wp\/v2\/pages\/50\/revisions"}],"predecessor-version":[{"id":636,"href":"https:\/\/oceanejougla.fr\/FlOcamino\/wp-json\/wp\/v2\/pages\/50\/revisions\/636"}],"wp:featuredmedia":[{"embeddable":true,"href":"https:\/\/oceanejougla.fr\/FlOcamino\/wp-json\/wp\/v2\/media\/406"}],"wp:attachment":[{"href":"https:\/\/oceanejougla.fr\/FlOcamino\/wp-json\/wp\/v2\/media?parent=50"}],"curies":[{"name":"wp","href":"https:\/\/api.w.org\/{rel}","templated":true}]}}